{"id":2,"date":"2021-06-22T22:03:00","date_gmt":"2021-06-22T20:03:00","guid":{"rendered":"http:\/\/192.168.1.82\/wordpress\/?page_id=2"},"modified":"2026-04-22T23:22:46","modified_gmt":"2026-04-22T21:22:46","slug":"excursions-guidees-kayak-mer","status":"publish","type":"page","link":"https:\/\/kayakbaie-morlaix.ddns.net\/","title":{"rendered":"Bienvenue, Degemer mat\u2026"},"content":{"rendered":"\n<div class=\"wp-block-group is-nowrap is-layout-flex wp-container-core-group-is-layout-ad2f72ca wp-block-group-is-layout-flex\">\n<p><em><strong>kayak de mer en baie de Morlaix<\/strong><\/em> : Avec \u00ab\u00a0<strong>kayak de mer \u2026 au fil de l&rsquo;estuaire<\/strong>\u00ab\u00a0, embarquez pour une excursion guid\u00e9e en kayak de mer, unique au c\u0153ur des paysages pr\u00e9serv\u00e9s de la Baie de Morlaix. Que vous soyez d\u00e9butant, confirm\u00e9 ou en famille, laissez-vous porter par la magie des lieux et d\u00e9couvrez la nature autrement. Glissez sur l&rsquo;eau au pied des imposantes falaises de Saint-Jean-du-Doigt ou de la Pointe de Primel, fr\u00f4lez l&rsquo;histoire en passant a proximit\u00e9 du Ch\u00e2teau du Taureau, et laissez vous \u00e9merveiller par la faune locale : phoques, dauphins et oiseaux marins vous accompagneront peut-\u00eatre lors de votre escapade lors de balades sur l&rsquo;estran<\/p>\n\n\n\n<p><\/p>\n<\/div>\n\n\n<div class=\"wp-block-image is-resized is-style-rounded\">\n<figure class=\"alignright size-thumbnail\"><img loading=\"lazy\" decoding=\"async\" width=\"150\" height=\"150\" src=\"https:\/\/kayakbaie-morlaix.ddns.net\/wp-content\/uploads\/2021\/06\/derniere_version__miplein_format_carte_visite2-150x150.jpg\" alt=\"Logo du site\" class=\"wp-image-10\" style=\"object-fit:cover;width:134px;height:auto\"\/><\/figure>\n<\/div>\n\n\n<blockquote class=\"wp-block-quote is-layout-flow wp-block-quote-is-layout-flow\">\n<p>Pratiquer le kayak de mer, c&rsquo;est partir \u00e0 l&rsquo;aventure tout en respectant l&rsquo;environnement maritime. C&rsquo;est une pratique douce offrant une harmonie avec les \u00e9l\u00e9ments et une immersion totale dans des paysages grandioses. Le kayak de mer, c&rsquo;est aussi une histoire de rencontres et de transmission. Le partage et l&rsquo;entraide sont au c\u0153ur de la d\u00e9couverte pour que chacun (quelque soit son niveau) trouve sa place dans le groupe.<\/p>\n\n\n\n<p>Alors, pr\u00eat \u00e0 voguer vers l&rsquo;\u00e9merveillement ? Venez vivre une exp\u00e9rience inoubliable ou chaque coup de pagaie vous rapproche un peu plus de la nature et des autres.<\/p>\n\n\n\n<figure class=\"wp-block-image size-large is-resized is-style-rounded\"><img loading=\"lazy\" decoding=\"async\" width=\"1024\" height=\"530\" src=\"https:\/\/kayakbaie-morlaix.ddns.net\/wp-content\/uploads\/2026\/01\/IMG_20240812_110226-1024x530.jpg\" alt=\"sorties de kayak mer accompagn\u00e9es en baie de Morlaix. Excursions guid\u00e9es. \" class=\"wp-image-863\" style=\"aspect-ratio:1.9321516856887393;width:166px;height:auto\" srcset=\"https:\/\/kayakbaie-morlaix.ddns.net\/wp-content\/uploads\/2026\/01\/IMG_20240812_110226-1024x530.jpg 1024w, https:\/\/kayakbaie-morlaix.ddns.net\/wp-content\/uploads\/2026\/01\/IMG_20240812_110226-300x155.jpg 300w, https:\/\/kayakbaie-morlaix.ddns.net\/wp-content\/uploads\/2026\/01\/IMG_20240812_110226-768x397.jpg 768w, https:\/\/kayakbaie-morlaix.ddns.net\/wp-content\/uploads\/2026\/01\/IMG_20240812_110226-1536x794.jpg 1536w, https:\/\/kayakbaie-morlaix.ddns.net\/wp-content\/uploads\/2026\/01\/IMG_20240812_110226-2048x1059.jpg 2048w\" sizes=\"auto, (max-width: 1024px) 100vw, 1024px\" \/><\/figure>\n\n\n<div class=\"wp-block-image is-style-rounded\">\n<figure class=\"alignright size-large is-resized\"><img loading=\"lazy\" decoding=\"async\" width=\"1024\" height=\"959\" src=\"https:\/\/kayakbaie-morlaix.ddns.net\/wp-content\/uploads\/2026\/01\/IMG_20250502_163420-1024x959.jpg\" alt=\"Balades sur l'estran\" class=\"wp-image-865\" style=\"aspect-ratio:1.067906976744186;width:145px;height:auto\" srcset=\"https:\/\/kayakbaie-morlaix.ddns.net\/wp-content\/uploads\/2026\/01\/IMG_20250502_163420-1024x959.jpg 1024w, https:\/\/kayakbaie-morlaix.ddns.net\/wp-content\/uploads\/2026\/01\/IMG_20250502_163420-300x281.jpg 300w, https:\/\/kayakbaie-morlaix.ddns.net\/wp-content\/uploads\/2026\/01\/IMG_20250502_163420-768x719.jpg 768w, https:\/\/kayakbaie-morlaix.ddns.net\/wp-content\/uploads\/2026\/01\/IMG_20250502_163420-1536x1438.jpg 1536w, https:\/\/kayakbaie-morlaix.ddns.net\/wp-content\/uploads\/2026\/01\/IMG_20250502_163420-2048x1918.jpg 2048w\" sizes=\"auto, (max-width: 1024px) 100vw, 1024px\" \/><\/figure>\n<\/div>\n\n\n<div class=\"wp-block-group is-nowrap is-layout-flex wp-container-core-group-is-layout-ad2f72ca wp-block-group-is-layout-flex\">\n<p><strong>Balades sur l&rsquo;estran :<\/strong> et puis \u00ab\u00a0<strong>kayak de mer&#8230;au fil de l&rsquo;estuaire<\/strong>\u00a0\u00bb c&rsquo;est aussi des randonn\u00e9es p\u00e9destres hors des sentiers battus qui partent \u00e0 la d\u00e9couverte de l&rsquo;estran, cette zone d\u00e9couverte \u00e0 mar\u00e9e basse et accessible seulement dans certaines conditions. Vous plongerez dans une nature sauvage, granitique ou sableuse. Vous marcherez dans les algues, les rochers ou les flaques \u00e0 la d\u00e9couverte des \u00ab\u00a0b\u00eates de l&rsquo;estran\u00a0\u00bb ou vers le \u00ab\u00a0Grand Galet\u00a0\u00bb de Primel&#8230;.<\/p>\n<\/div>\n\n\n\n<div class=\"wp-block-group is-nowrap is-layout-flex wp-container-core-group-is-layout-ad2f72ca wp-block-group-is-layout-flex\">\n<p class=\"has-text-align-center has-pale-ocean-gradient-background has-background has-medium-font-size\">Pour les passionn\u00e9s, Je vous propose de vous accompagner dans l&rsquo;apprentissage progressif des techniques de navigation en kayak de mer : <a href=\"https:\/\/kayakbaie-morlaix.ddns.net\/wp-content\/uploads\/2026\/01\/20210925_172551-scaled.jpg\" target=\"_blank\" rel=\"noreferrer noopener\" data-rel=\"lightbox-image-0\" data-rl_title=\"\" data-rl_caption=\"\" title=\"\">ma\u00eetrise de l&rsquo;esquimautage<\/a>, compr\u00e9hension fine des \u00e9l\u00e9ments marins, vents, courants, mar\u00e9es&#8230;) et d\u00e9couverte de la <a href=\"https:\/\/kayakbaie-morlaix.ddns.net\/wp-content\/uploads\/2026\/02\/a-classer-058.jpg\" target=\"_blank\" rel=\"noreferrer noopener\" data-rel=\"lightbox-image-1\" data-rl_title=\"\" data-rl_caption=\"\" title=\"\">biodiversit\u00e9 marine<\/a>, aussi riche que fascinante.<\/p>\n<\/div>\n<\/blockquote>\n\n\n<div class=\"wp-block-image is-style-rounded\">\n<figure class=\"aligncenter size-large is-resized\"><img loading=\"lazy\" decoding=\"async\" width=\"1024\" height=\"568\" src=\"https:\/\/kayakbaie-morlaix.ddns.net\/wp-content\/uploads\/2026\/01\/IMG_20230621_105231-1024x568.jpg\" alt=\"sorties kayak mer accompagn\u00e9es en baie de Morlaix. Excursions guid\u00e9es. \" class=\"wp-image-679\" style=\"width:386px;height:auto\" title=\"\" srcset=\"https:\/\/kayakbaie-morlaix.ddns.net\/wp-content\/uploads\/2026\/01\/IMG_20230621_105231-1024x568.jpg 1024w, https:\/\/kayakbaie-morlaix.ddns.net\/wp-content\/uploads\/2026\/01\/IMG_20230621_105231-300x167.jpg 300w, https:\/\/kayakbaie-morlaix.ddns.net\/wp-content\/uploads\/2026\/01\/IMG_20230621_105231-768x426.jpg 768w, https:\/\/kayakbaie-morlaix.ddns.net\/wp-content\/uploads\/2026\/01\/IMG_20230621_105231-1536x853.jpg 1536w, https:\/\/kayakbaie-morlaix.ddns.net\/wp-content\/uploads\/2026\/01\/IMG_20230621_105231-2048x1137.jpg 2048w, https:\/\/kayakbaie-morlaix.ddns.net\/wp-content\/uploads\/2026\/01\/IMG_20230621_105231-450x250.jpg 450w\" sizes=\"auto, (max-width: 1024px) 100vw, 1024px\" \/><\/figure>\n<\/div>\n\n\n<p>Je vous propose donc de vous rendre sur la page <a href=\"https:\/\/kayakbaie-morlaix.ddns.net\/index.php\/infos-des-sorties\/#choix_sortie\">Infos des sorties<\/a>. Vous y d\u00e9couvrirez mes propositions de sorties accompagn\u00e9es et les tarifs propos\u00e9s.<\/p>\n\n\n\n<ul class=\"wp-block-social-links aligncenter is-layout-flex wp-block-social-links-is-layout-flex\"><li class=\"wp-social-link wp-social-link-facebook  wp-block-social-link\"><a href=\"https:\/\/www.facebook.com\/profile.php?id=61580003081291\" class=\"wp-block-social-link-anchor\"><svg width=\"24\" height=\"24\" viewBox=\"0 0 24 24\" version=\"1.1\" xmlns=\"http:\/\/www.w3.org\/2000\/svg\" aria-hidden=\"true\" focusable=\"false\"><path d=\"M12 2C6.5 2 2 6.5 2 12c0 5 3.7 9.1 8.4 9.9v-7H7.9V12h2.5V9.8c0-2.5 1.5-3.9 3.8-3.9 1.1 0 2.2.2 2.2.2v2.5h-1.3c-1.2 0-1.6.8-1.6 1.6V12h2.8l-.4 2.9h-2.3v7C18.3 21.1 22 17 22 12c0-5.5-4.5-10-10-10z\"><\/path><\/svg><span class=\"wp-block-social-link-label screen-reader-text\">Facebook<\/span><\/a><\/li>\n\n<li class=\"wp-social-link wp-social-link-instagram  wp-block-social-link\"><a href=\"https:\/\/www.instagram.com\/nicokayak29\/\" class=\"wp-block-social-link-anchor\"><svg width=\"24\" height=\"24\" viewBox=\"0 0 24 24\" version=\"1.1\" xmlns=\"http:\/\/www.w3.org\/2000\/svg\" aria-hidden=\"true\" focusable=\"false\"><path d=\"M12,4.622c2.403,0,2.688,0.009,3.637,0.052c0.877,0.04,1.354,0.187,1.671,0.31c0.42,0.163,0.72,0.358,1.035,0.673 c0.315,0.315,0.51,0.615,0.673,1.035c0.123,0.317,0.27,0.794,0.31,1.671c0.043,0.949,0.052,1.234,0.052,3.637 s-0.009,2.688-0.052,3.637c-0.04,0.877-0.187,1.354-0.31,1.671c-0.163,0.42-0.358,0.72-0.673,1.035 c-0.315,0.315-0.615,0.51-1.035,0.673c-0.317,0.123-0.794,0.27-1.671,0.31c-0.949,0.043-1.233,0.052-3.637,0.052 s-2.688-0.009-3.637-0.052c-0.877-0.04-1.354-0.187-1.671-0.31c-0.42-0.163-0.72-0.358-1.035-0.673 c-0.315-0.315-0.51-0.615-0.673-1.035c-0.123-0.317-0.27-0.794-0.31-1.671C4.631,14.688,4.622,14.403,4.622,12 s0.009-2.688,0.052-3.637c0.04-0.877,0.187-1.354,0.31-1.671c0.163-0.42,0.358-0.72,0.673-1.035 c0.315-0.315,0.615-0.51,1.035-0.673c0.317-0.123,0.794-0.27,1.671-0.31C9.312,4.631,9.597,4.622,12,4.622 M12,3 C9.556,3,9.249,3.01,8.289,3.054C7.331,3.098,6.677,3.25,6.105,3.472C5.513,3.702,5.011,4.01,4.511,4.511 c-0.5,0.5-0.808,1.002-1.038,1.594C3.25,6.677,3.098,7.331,3.054,8.289C3.01,9.249,3,9.556,3,12c0,2.444,0.01,2.751,0.054,3.711 c0.044,0.958,0.196,1.612,0.418,2.185c0.23,0.592,0.538,1.094,1.038,1.594c0.5,0.5,1.002,0.808,1.594,1.038 c0.572,0.222,1.227,0.375,2.185,0.418C9.249,20.99,9.556,21,12,21s2.751-0.01,3.711-0.054c0.958-0.044,1.612-0.196,2.185-0.418 c0.592-0.23,1.094-0.538,1.594-1.038c0.5-0.5,0.808-1.002,1.038-1.594c0.222-0.572,0.375-1.227,0.418-2.185 C20.99,14.751,21,14.444,21,12s-0.01-2.751-0.054-3.711c-0.044-0.958-0.196-1.612-0.418-2.185c-0.23-0.592-0.538-1.094-1.038-1.594 c-0.5-0.5-1.002-0.808-1.594-1.038c-0.572-0.222-1.227-0.375-2.185-0.418C14.751,3.01,14.444,3,12,3L12,3z M12,7.378 c-2.552,0-4.622,2.069-4.622,4.622S9.448,16.622,12,16.622s4.622-2.069,4.622-4.622S14.552,7.378,12,7.378z M12,15 c-1.657,0-3-1.343-3-3s1.343-3,3-3s3,1.343,3,3S13.657,15,12,15z M16.804,6.116c-0.596,0-1.08,0.484-1.08,1.08 s0.484,1.08,1.08,1.08c0.596,0,1.08-0.484,1.08-1.08S17.401,6.116,16.804,6.116z\"><\/path><\/svg><span class=\"wp-block-social-link-label screen-reader-text\">Instagram<\/span><\/a><\/li><\/ul>\n\n\n<div class=\"wp-block-image\">\n<figure class=\"aligncenter size-full\"><a href=\"https:\/\/umap.openstreetmap.fr\/fr\/map\/la-baie-de-morlaix-2_1342110\" target=\"_blank\" rel=\" noreferrer noopener\"><img loading=\"lazy\" decoding=\"async\" width=\"180\" height=\"148\" src=\"https:\/\/kayakbaie-morlaix.ddns.net\/wp-content\/uploads\/2026\/03\/baie-de-morlaix.jpg\" alt=\"Carte de la Baie de Morlaix\" class=\"wp-image-1336\" style=\"aspect-ratio:1.216216234129331;object-fit:contain\"\/><\/a><figcaption class=\"wp-element-caption\"><a href=\"https:\/\/umap.openstreetmap.fr\/fr\/map\/la-baie-de-morlaix-2_1342110\" target=\"_blank\" rel=\"noreferrer noopener\"><em>Carte de la Baie de Morlaix<\/em><\/a><\/figcaption><\/figure>\n<\/div>\n\n\n<p><\/p>\n","protected":false},"excerpt":{"rendered":"<p>kayak de mer en baie de Morlaix : Avec \u00ab\u00a0kayak de mer \u2026 au fil de l&rsquo;estuaire\u00ab\u00a0, embarquez pour une excursion guid\u00e9e en kayak de mer, unique au c\u0153ur des paysages pr\u00e9serv\u00e9s de la Baie de Morlaix. Que vous soyez &hellip; <a href=\"https:\/\/kayakbaie-morlaix.ddns.net\/\">Continuer la lecture <span class=\"meta-nav\">&rarr;<\/span><\/a><\/p>\n","protected":false},"author":1,"featured_media":847,"parent":0,"menu_order":0,"comment_status":"closed","ping_status":"open","template":"","meta":{"footnotes":""},"class_list":["post-2","page","type-page","status-publish","has-post-thumbnail","hentry"],"yoast_head":"<!-- This site is optimized with the Yoast SEO plugin v27.3 - https:\/\/yoast.com\/product\/yoast-seo-wordpress\/ -->\n<title>kayak de mer ... au fil de l&#039;estuaire<\/title>\n<meta name=\"description\" content=\"kayak de mer ... au fil de l&#039;estuaire kayak de mer baie de Morlaix. Balades sur l&#039;estran, excursions guid\u00e9es en kayak de mer\" \/>\n<meta name=\"robots\" content=\"index, follow, max-snippet:-1, max-image-preview:large, max-video-preview:-1\" \/>\n<link rel=\"canonical\" href=\"https:\/\/kayakbaie-morlaix.ddns.net\/\" \/>\n<meta property=\"og:locale\" content=\"fr_FR\" \/>\n<meta property=\"og:type\" content=\"article\" \/>\n<meta property=\"og:title\" content=\"kayak de mer ... au fil de l&#039;estuaire\" \/>\n<meta property=\"og:description\" content=\"kayak de mer ... au fil de l&#039;estuaire kayak de mer baie de Morlaix. Balades sur l&#039;estran, excursions guid\u00e9es en kayak de mer\" \/>\n<meta property=\"og:url\" content=\"https:\/\/kayakbaie-morlaix.ddns.net\/\" \/>\n<meta property=\"og:site_name\" content=\"kayak de mer ... au fil de l&#039;estuaire\" \/>\n<meta property=\"article:modified_time\" content=\"2026-04-22T21:22:46+00:00\" \/>\n<meta property=\"og:image\" content=\"https:\/\/kayakbaie-morlaix.ddns.net\/wp-content\/uploads\/2026\/01\/IMG_20250530_113559-scaled.jpg\" \/>\n\t<meta property=\"og:image:width\" content=\"2560\" \/>\n\t<meta property=\"og:image:height\" content=\"763\" \/>\n\t<meta property=\"og:image:type\" content=\"image\/jpeg\" \/>\n<meta name=\"twitter:card\" content=\"summary_large_image\" \/>\n<meta name=\"twitter:site\" content=\"@nicokayak29\" \/>\n<meta name=\"twitter:label1\" content=\"Dur\u00e9e de lecture estim\u00e9e\" \/>\n\t<meta name=\"twitter:data1\" content=\"2 minutes\" \/>\n<script type=\"application\/ld+json\" class=\"yoast-schema-graph\">{\"@context\":\"https:\\\/\\\/schema.org\",\"@graph\":[{\"@type\":\"WebPage\",\"@id\":\"https:\\\/\\\/kayakbaie-morlaix.ddns.net\\\/\",\"url\":\"https:\\\/\\\/kayakbaie-morlaix.ddns.net\\\/\",\"name\":\"kayak de mer ... au fil de l&#039;estuaire\",\"isPartOf\":{\"@id\":\"https:\\\/\\\/kayakbaie-morlaix.ddns.net\\\/#website\"},\"primaryImageOfPage\":{\"@id\":\"https:\\\/\\\/kayakbaie-morlaix.ddns.net\\\/#primaryimage\"},\"image\":{\"@id\":\"https:\\\/\\\/kayakbaie-morlaix.ddns.net\\\/#primaryimage\"},\"thumbnailUrl\":\"https:\\\/\\\/kayakbaie-morlaix.ddns.net\\\/wp-content\\\/uploads\\\/2026\\\/01\\\/IMG_20250530_113559-scaled.jpg\",\"datePublished\":\"2021-06-22T20:03:00+00:00\",\"dateModified\":\"2026-04-22T21:22:46+00:00\",\"description\":\"kayak de mer ... au fil de l&#039;estuaire kayak de mer baie de Morlaix. Balades sur l'estran, excursions guid\u00e9es en kayak de mer\",\"breadcrumb\":{\"@id\":\"https:\\\/\\\/kayakbaie-morlaix.ddns.net\\\/#breadcrumb\"},\"inLanguage\":\"fr-FR\",\"potentialAction\":[{\"@type\":\"ReadAction\",\"target\":[\"https:\\\/\\\/kayakbaie-morlaix.ddns.net\\\/\"]}]},{\"@type\":\"ImageObject\",\"inLanguage\":\"fr-FR\",\"@id\":\"https:\\\/\\\/kayakbaie-morlaix.ddns.net\\\/#primaryimage\",\"url\":\"https:\\\/\\\/kayakbaie-morlaix.ddns.net\\\/wp-content\\\/uploads\\\/2026\\\/01\\\/IMG_20250530_113559-scaled.jpg\",\"contentUrl\":\"https:\\\/\\\/kayakbaie-morlaix.ddns.net\\\/wp-content\\\/uploads\\\/2026\\\/01\\\/IMG_20250530_113559-scaled.jpg\",\"width\":2560,\"height\":763},{\"@type\":\"BreadcrumbList\",\"@id\":\"https:\\\/\\\/kayakbaie-morlaix.ddns.net\\\/#breadcrumb\",\"itemListElement\":[{\"@type\":\"ListItem\",\"position\":1,\"name\":\"Accueil\",\"item\":\"https:\\\/\\\/kayakbaie-morlaix.ddns.net\\\/\"},{\"@type\":\"ListItem\",\"position\":2,\"name\":\"Bienvenue, Degemer mat\u2026\"}]},{\"@type\":\"WebSite\",\"@id\":\"https:\\\/\\\/kayakbaie-morlaix.ddns.net\\\/#website\",\"url\":\"https:\\\/\\\/kayakbaie-morlaix.ddns.net\\\/\",\"name\":\"kayak de mer ... au fil de l'estuaire\",\"description\":\"Un site pour la d\u00e9couverte et le perfectionnement en kayak de mer\",\"publisher\":{\"@id\":\"https:\\\/\\\/kayakbaie-morlaix.ddns.net\\\/#\\\/schema\\\/person\\\/a524def8f2967b4e8b2e9e5fec614d7e\"},\"potentialAction\":[{\"@type\":\"SearchAction\",\"target\":{\"@type\":\"EntryPoint\",\"urlTemplate\":\"https:\\\/\\\/kayakbaie-morlaix.ddns.net\\\/?s={search_term_string}\"},\"query-input\":{\"@type\":\"PropertyValueSpecification\",\"valueRequired\":true,\"valueName\":\"search_term_string\"}}],\"inLanguage\":\"fr-FR\"},{\"@type\":[\"Person\",\"Organization\"],\"@id\":\"https:\\\/\\\/kayakbaie-morlaix.ddns.net\\\/#\\\/schema\\\/person\\\/a524def8f2967b4e8b2e9e5fec614d7e\",\"name\":\"nicokayak\",\"image\":{\"@type\":\"ImageObject\",\"inLanguage\":\"fr-FR\",\"@id\":\"https:\\\/\\\/kayakbaie-morlaix.ddns.net\\\/wp-content\\\/uploads\\\/2021\\\/06\\\/derniere_version__miplein_format_carte_visite2.jpg\",\"url\":\"https:\\\/\\\/kayakbaie-morlaix.ddns.net\\\/wp-content\\\/uploads\\\/2021\\\/06\\\/derniere_version__miplein_format_carte_visite2.jpg\",\"contentUrl\":\"https:\\\/\\\/kayakbaie-morlaix.ddns.net\\\/wp-content\\\/uploads\\\/2021\\\/06\\\/derniere_version__miplein_format_carte_visite2.jpg\",\"width\":988,\"height\":809,\"caption\":\"nicokayak\"},\"logo\":{\"@id\":\"https:\\\/\\\/kayakbaie-morlaix.ddns.net\\\/wp-content\\\/uploads\\\/2021\\\/06\\\/derniere_version__miplein_format_carte_visite2.jpg\"},\"sameAs\":[\"http:\\\/\\\/photosbj.ddns.net\\\/wordpress\",\"https:\\\/\\\/x.com\\\/nicokayak29\"]}]}<\/script>\n<!-- \/ Yoast SEO plugin. -->","yoast_head_json":{"title":"kayak de mer ... au fil de l&#039;estuaire","description":"kayak de mer ... au fil de l&#039;estuaire kayak de mer baie de Morlaix. Balades sur l'estran, excursions guid\u00e9es en kayak de mer","robots":{"index":"index","follow":"follow","max-snippet":"max-snippet:-1","max-image-preview":"max-image-preview:large","max-video-preview":"max-video-preview:-1"},"canonical":"https:\/\/kayakbaie-morlaix.ddns.net\/","og_locale":"fr_FR","og_type":"article","og_title":"kayak de mer ... au fil de l&#039;estuaire","og_description":"kayak de mer ... au fil de l&#039;estuaire kayak de mer baie de Morlaix. Balades sur l'estran, excursions guid\u00e9es en kayak de mer","og_url":"https:\/\/kayakbaie-morlaix.ddns.net\/","og_site_name":"kayak de mer ... au fil de l&#039;estuaire","article_modified_time":"2026-04-22T21:22:46+00:00","og_image":[{"width":2560,"height":763,"url":"https:\/\/kayakbaie-morlaix.ddns.net\/wp-content\/uploads\/2026\/01\/IMG_20250530_113559-scaled.jpg","type":"image\/jpeg"}],"twitter_card":"summary_large_image","twitter_site":"@nicokayak29","twitter_misc":{"Dur\u00e9e de lecture estim\u00e9e":"2 minutes"},"schema":{"@context":"https:\/\/schema.org","@graph":[{"@type":"WebPage","@id":"https:\/\/kayakbaie-morlaix.ddns.net\/","url":"https:\/\/kayakbaie-morlaix.ddns.net\/","name":"kayak de mer ... au fil de l&#039;estuaire","isPartOf":{"@id":"https:\/\/kayakbaie-morlaix.ddns.net\/#website"},"primaryImageOfPage":{"@id":"https:\/\/kayakbaie-morlaix.ddns.net\/#primaryimage"},"image":{"@id":"https:\/\/kayakbaie-morlaix.ddns.net\/#primaryimage"},"thumbnailUrl":"https:\/\/kayakbaie-morlaix.ddns.net\/wp-content\/uploads\/2026\/01\/IMG_20250530_113559-scaled.jpg","datePublished":"2021-06-22T20:03:00+00:00","dateModified":"2026-04-22T21:22:46+00:00","description":"kayak de mer ... au fil de l&#039;estuaire kayak de mer baie de Morlaix. Balades sur l'estran, excursions guid\u00e9es en kayak de mer","breadcrumb":{"@id":"https:\/\/kayakbaie-morlaix.ddns.net\/#breadcrumb"},"inLanguage":"fr-FR","potentialAction":[{"@type":"ReadAction","target":["https:\/\/kayakbaie-morlaix.ddns.net\/"]}]},{"@type":"ImageObject","inLanguage":"fr-FR","@id":"https:\/\/kayakbaie-morlaix.ddns.net\/#primaryimage","url":"https:\/\/kayakbaie-morlaix.ddns.net\/wp-content\/uploads\/2026\/01\/IMG_20250530_113559-scaled.jpg","contentUrl":"https:\/\/kayakbaie-morlaix.ddns.net\/wp-content\/uploads\/2026\/01\/IMG_20250530_113559-scaled.jpg","width":2560,"height":763},{"@type":"BreadcrumbList","@id":"https:\/\/kayakbaie-morlaix.ddns.net\/#breadcrumb","itemListElement":[{"@type":"ListItem","position":1,"name":"Accueil","item":"https:\/\/kayakbaie-morlaix.ddns.net\/"},{"@type":"ListItem","position":2,"name":"Bienvenue, Degemer mat\u2026"}]},{"@type":"WebSite","@id":"https:\/\/kayakbaie-morlaix.ddns.net\/#website","url":"https:\/\/kayakbaie-morlaix.ddns.net\/","name":"kayak de mer ... au fil de l'estuaire","description":"Un site pour la d\u00e9couverte et le perfectionnement en kayak de mer","publisher":{"@id":"https:\/\/kayakbaie-morlaix.ddns.net\/#\/schema\/person\/a524def8f2967b4e8b2e9e5fec614d7e"},"potentialAction":[{"@type":"SearchAction","target":{"@type":"EntryPoint","urlTemplate":"https:\/\/kayakbaie-morlaix.ddns.net\/?s={search_term_string}"},"query-input":{"@type":"PropertyValueSpecification","valueRequired":true,"valueName":"search_term_string"}}],"inLanguage":"fr-FR"},{"@type":["Person","Organization"],"@id":"https:\/\/kayakbaie-morlaix.ddns.net\/#\/schema\/person\/a524def8f2967b4e8b2e9e5fec614d7e","name":"nicokayak","image":{"@type":"ImageObject","inLanguage":"fr-FR","@id":"https:\/\/kayakbaie-morlaix.ddns.net\/wp-content\/uploads\/2021\/06\/derniere_version__miplein_format_carte_visite2.jpg","url":"https:\/\/kayakbaie-morlaix.ddns.net\/wp-content\/uploads\/2021\/06\/derniere_version__miplein_format_carte_visite2.jpg","contentUrl":"https:\/\/kayakbaie-morlaix.ddns.net\/wp-content\/uploads\/2021\/06\/derniere_version__miplein_format_carte_visite2.jpg","width":988,"height":809,"caption":"nicokayak"},"logo":{"@id":"https:\/\/kayakbaie-morlaix.ddns.net\/wp-content\/uploads\/2021\/06\/derniere_version__miplein_format_carte_visite2.jpg"},"sameAs":["http:\/\/photosbj.ddns.net\/wordpress","https:\/\/x.com\/nicokayak29"]}]}},"_links":{"self":[{"href":"https:\/\/kayakbaie-morlaix.ddns.net\/index.php\/wp-json\/wp\/v2\/pages\/2","targetHints":{"allow":["GET"]}}],"collection":[{"href":"https:\/\/kayakbaie-morlaix.ddns.net\/index.php\/wp-json\/wp\/v2\/pages"}],"about":[{"href":"https:\/\/kayakbaie-morlaix.ddns.net\/index.php\/wp-json\/wp\/v2\/types\/page"}],"author":[{"embeddable":true,"href":"https:\/\/kayakbaie-morlaix.ddns.net\/index.php\/wp-json\/wp\/v2\/users\/1"}],"replies":[{"embeddable":true,"href":"https:\/\/kayakbaie-morlaix.ddns.net\/index.php\/wp-json\/wp\/v2\/comments?post=2"}],"version-history":[{"count":75,"href":"https:\/\/kayakbaie-morlaix.ddns.net\/index.php\/wp-json\/wp\/v2\/pages\/2\/revisions"}],"predecessor-version":[{"id":1480,"href":"https:\/\/kayakbaie-morlaix.ddns.net\/index.php\/wp-json\/wp\/v2\/pages\/2\/revisions\/1480"}],"wp:featuredmedia":[{"embeddable":true,"href":"https:\/\/kayakbaie-morlaix.ddns.net\/index.php\/wp-json\/wp\/v2\/media\/847"}],"wp:attachment":[{"href":"https:\/\/kayakbaie-morlaix.ddns.net\/index.php\/wp-json\/wp\/v2\/media?parent=2"}],"curies":[{"name":"wp","href":"https:\/\/api.w.org\/{rel}","templated":true}]}}