{"id":6,"date":"2021-06-22T22:11:47","date_gmt":"2021-06-22T20:11:47","guid":{"rendered":"http:\/\/192.168.1.82\/wordpress\/?page_id=6"},"modified":"2026-03-31T15:01:16","modified_gmt":"2026-03-31T13:01:16","slug":"a-propos-de","status":"publish","type":"page","link":"https:\/\/kayakbaie-morlaix.ddns.net\/index.php\/a-propos-de\/","title":{"rendered":"\u00c0 propos de&#8230;"},"content":{"rendered":"\n<h1 class=\"wp-block-heading\"><\/h1>\n\n\n\n<ul class=\"wp-block-social-links is-content-justification-center is-layout-flex wp-container-core-social-links-is-layout-16018d1d wp-block-social-links-is-layout-flex\"><li class=\"wp-social-link wp-social-link-facebook  wp-block-social-link\"><a rel=\"noopener nofollow\" target=\"_blank\" href=\"https:\/\/www.facebook.com\/profile.php?id=61580003081291\" class=\"wp-block-social-link-anchor\"><svg width=\"24\" height=\"24\" viewBox=\"0 0 24 24\" version=\"1.1\" xmlns=\"http:\/\/www.w3.org\/2000\/svg\" aria-hidden=\"true\" focusable=\"false\"><path d=\"M12 2C6.5 2 2 6.5 2 12c0 5 3.7 9.1 8.4 9.9v-7H7.9V12h2.5V9.8c0-2.5 1.5-3.9 3.8-3.9 1.1 0 2.2.2 2.2.2v2.5h-1.3c-1.2 0-1.6.8-1.6 1.6V12h2.8l-.4 2.9h-2.3v7C18.3 21.1 22 17 22 12c0-5.5-4.5-10-10-10z\"><\/path><\/svg><span class=\"wp-block-social-link-label screen-reader-text\">Facebook<\/span><\/a><\/li>\n\n<li class=\"wp-social-link wp-social-link-instagram  wp-block-social-link\"><a rel=\"noopener nofollow\" target=\"_blank\" href=\"https:\/\/www.instagram.com\/nicokayak29\/\" class=\"wp-block-social-link-anchor\"><svg width=\"24\" height=\"24\" viewBox=\"0 0 24 24\" version=\"1.1\" xmlns=\"http:\/\/www.w3.org\/2000\/svg\" aria-hidden=\"true\" focusable=\"false\"><path d=\"M12,4.622c2.403,0,2.688,0.009,3.637,0.052c0.877,0.04,1.354,0.187,1.671,0.31c0.42,0.163,0.72,0.358,1.035,0.673 c0.315,0.315,0.51,0.615,0.673,1.035c0.123,0.317,0.27,0.794,0.31,1.671c0.043,0.949,0.052,1.234,0.052,3.637 s-0.009,2.688-0.052,3.637c-0.04,0.877-0.187,1.354-0.31,1.671c-0.163,0.42-0.358,0.72-0.673,1.035 c-0.315,0.315-0.615,0.51-1.035,0.673c-0.317,0.123-0.794,0.27-1.671,0.31c-0.949,0.043-1.233,0.052-3.637,0.052 s-2.688-0.009-3.637-0.052c-0.877-0.04-1.354-0.187-1.671-0.31c-0.42-0.163-0.72-0.358-1.035-0.673 c-0.315-0.315-0.51-0.615-0.673-1.035c-0.123-0.317-0.27-0.794-0.31-1.671C4.631,14.688,4.622,14.403,4.622,12 s0.009-2.688,0.052-3.637c0.04-0.877,0.187-1.354,0.31-1.671c0.163-0.42,0.358-0.72,0.673-1.035 c0.315-0.315,0.615-0.51,1.035-0.673c0.317-0.123,0.794-0.27,1.671-0.31C9.312,4.631,9.597,4.622,12,4.622 M12,3 C9.556,3,9.249,3.01,8.289,3.054C7.331,3.098,6.677,3.25,6.105,3.472C5.513,3.702,5.011,4.01,4.511,4.511 c-0.5,0.5-0.808,1.002-1.038,1.594C3.25,6.677,3.098,7.331,3.054,8.289C3.01,9.249,3,9.556,3,12c0,2.444,0.01,2.751,0.054,3.711 c0.044,0.958,0.196,1.612,0.418,2.185c0.23,0.592,0.538,1.094,1.038,1.594c0.5,0.5,1.002,0.808,1.594,1.038 c0.572,0.222,1.227,0.375,2.185,0.418C9.249,20.99,9.556,21,12,21s2.751-0.01,3.711-0.054c0.958-0.044,1.612-0.196,2.185-0.418 c0.592-0.23,1.094-0.538,1.594-1.038c0.5-0.5,0.808-1.002,1.038-1.594c0.222-0.572,0.375-1.227,0.418-2.185 C20.99,14.751,21,14.444,21,12s-0.01-2.751-0.054-3.711c-0.044-0.958-0.196-1.612-0.418-2.185c-0.23-0.592-0.538-1.094-1.038-1.594 c-0.5-0.5-1.002-0.808-1.594-1.038c-0.572-0.222-1.227-0.375-2.185-0.418C14.751,3.01,14.444,3,12,3L12,3z M12,7.378 c-2.552,0-4.622,2.069-4.622,4.622S9.448,16.622,12,16.622s4.622-2.069,4.622-4.622S14.552,7.378,12,7.378z M12,15 c-1.657,0-3-1.343-3-3s1.343-3,3-3s3,1.343,3,3S13.657,15,12,15z M16.804,6.116c-0.596,0-1.08,0.484-1.08,1.08 s0.484,1.08,1.08,1.08c0.596,0,1.08-0.484,1.08-1.08S17.401,6.116,16.804,6.116z\"><\/path><\/svg><span class=\"wp-block-social-link-label screen-reader-text\">Instagram<\/span><\/a><\/li><\/ul>\n\n\n<div class=\"wp-block-image is-style-rounded\">\n<figure class=\"alignright size-large is-resized\"><img loading=\"lazy\" decoding=\"async\" width=\"1024\" height=\"807\" src=\"https:\/\/kayakbaie-morlaix.ddns.net\/wp-content\/uploads\/2026\/01\/IMG_20230823_112349-1024x807.jpg\" alt=\"Photo du guide\" class=\"wp-image-876\" style=\"aspect-ratio:1.2689018435770723;width:126px;height:auto\" srcset=\"https:\/\/kayakbaie-morlaix.ddns.net\/wp-content\/uploads\/2026\/01\/IMG_20230823_112349-1024x807.jpg 1024w, https:\/\/kayakbaie-morlaix.ddns.net\/wp-content\/uploads\/2026\/01\/IMG_20230823_112349-300x237.jpg 300w, https:\/\/kayakbaie-morlaix.ddns.net\/wp-content\/uploads\/2026\/01\/IMG_20230823_112349-768x606.jpg 768w, https:\/\/kayakbaie-morlaix.ddns.net\/wp-content\/uploads\/2026\/01\/IMG_20230823_112349-1536x1211.jpg 1536w, https:\/\/kayakbaie-morlaix.ddns.net\/wp-content\/uploads\/2026\/01\/IMG_20230823_112349-2048x1615.jpg 2048w\" sizes=\"auto, (max-width: 1024px) 100vw, 1024px\" \/><\/figure>\n<\/div>\n\n\n<p><\/p>\n\n\n\n<p class=\"has-background\" style=\"background-color:#cafdfd\"><em>Sorties kayak de mer en baie de Morlaix, balades sur l&rsquo;estran <\/em>: Fort de 35 ans de pratique du kayak (en loisir, en comp\u00e9tition et dans un cadre professionnel) je suis titulaire d&rsquo;un brevet d\u2019\u00c9tat kayak , sp\u00e9cialit\u00e9 mer, et \u00e9galement d&rsquo;un dipl\u00f4me d&rsquo;animateur en milieu marin. Cette double casquette me permet d&rsquo;allier technique, s\u00e9curit\u00e9 et d\u00e9couverte de l&rsquo;environnement maritime, pour une approche compl\u00e8te et passionnante en kayak de mer ou p\u00e9destre.<\/p>\n\n\n\n<div class=\"wp-block-group is-nowrap is-layout-flex wp-container-core-group-is-layout-ad2f72ca wp-block-group-is-layout-flex\">\n<p class=\"has-background\" style=\"background-color:#c8e7fe\">Mon terrain de jeu ? La Baie de Morlaix et ses \u00eeles, un cadre magique o\u00f9 se m\u00ealent histoire et nature : Le Ch\u00e2teau du Taureau, l&rsquo;\u00eele Lou\u00ebt et l&rsquo;\u00eele Noire&#8230;Autant de paysages \u00e0 explorer, entre eaux turquoises et l\u00e9gendes Bretonnes. Et je navigue r\u00e9guli\u00e8rement sur les autres rivages bretons, de la Baie du Mont Saint Michel au Golfe du Morbihan en passant par le Cap Fr\u00e9hel et la presqu&rsquo;\u00eele de Crozon&#8230;<\/p>\n<\/div>\n\n\n<div class=\"wp-block-image is-style-rounded\">\n<figure class=\"aligncenter size-large is-resized\"><img loading=\"lazy\" decoding=\"async\" width=\"1024\" height=\"609\" src=\"https:\/\/kayakbaie-morlaix.ddns.net\/wp-content\/uploads\/2026\/01\/1762683830027-1024x609.jpg\" alt=\"Arriv\u00e9e de plage en kayak de mer  en baie de Morlaix\" class=\"wp-image-880\" style=\"aspect-ratio:1.6815026861691698;width:168px;height:auto\" srcset=\"https:\/\/kayakbaie-morlaix.ddns.net\/wp-content\/uploads\/2026\/01\/1762683830027-1024x609.jpg 1024w, https:\/\/kayakbaie-morlaix.ddns.net\/wp-content\/uploads\/2026\/01\/1762683830027-300x178.jpg 300w, https:\/\/kayakbaie-morlaix.ddns.net\/wp-content\/uploads\/2026\/01\/1762683830027-768x456.jpg 768w, https:\/\/kayakbaie-morlaix.ddns.net\/wp-content\/uploads\/2026\/01\/1762683830027-1536x913.jpg 1536w, https:\/\/kayakbaie-morlaix.ddns.net\/wp-content\/uploads\/2026\/01\/1762683830027-2048x1217.jpg 2048w\" sizes=\"auto, (max-width: 1024px) 100vw, 1024px\" \/><\/figure>\n<\/div>\n\n\n<p class=\"has-text-align-center\"><a href=\"https:\/\/kayakbaie-morlaix.ddns.net\/index.php\/kayak-mer-contact\/\">Me contacter<\/a><\/p>\n\n\n\n<figure data-wp-context=\"{&quot;imageId&quot;:&quot;69eb6c736e570&quot;}\" data-wp-interactive=\"core\/image\" data-wp-key=\"69eb6c736e570\" class=\"wp-block-image is-style-rounded wp-lightbox-container\"><img decoding=\"async\" data-wp-class--hide=\"state.isContentHidden\" data-wp-class--show=\"state.isContentVisible\" data-wp-init=\"callbacks.setButtonStyles\" data-wp-on--click=\"actions.showLightbox\" data-wp-on--load=\"callbacks.setButtonStyles\" data-wp-on-window--resize=\"callbacks.setButtonStyles\" src=\"http:\/\/192.168.1.82\/wordpress\/wp-content\/uploads\/2021\/06\/sortie-CDCK-2016_03.jpg\" alt=\"\"\/><button\n\t\t\tclass=\"lightbox-trigger\"\n\t\t\ttype=\"button\"\n\t\t\taria-haspopup=\"dialog\"\n\t\t\taria-label=\"Agrandir\"\n\t\t\tdata-wp-init=\"callbacks.initTriggerButton\"\n\t\t\tdata-wp-on--click=\"actions.showLightbox\"\n\t\t\tdata-wp-style--right=\"state.imageButtonRight\"\n\t\t\tdata-wp-style--top=\"state.imageButtonTop\"\n\t\t>\n\t\t\t<svg xmlns=\"http:\/\/www.w3.org\/2000\/svg\" width=\"12\" height=\"12\" fill=\"none\" viewBox=\"0 0 12 12\">\n\t\t\t\t<path fill=\"#fff\" d=\"M2 0a2 2 0 0 0-2 2v2h1.5V2a.5.5 0 0 1 .5-.5h2V0H2Zm2 10.5H2a.5.5 0 0 1-.5-.5V8H0v2a2 2 0 0 0 2 2h2v-1.5ZM8 12v-1.5h2a.5.5 0 0 0 .5-.5V8H12v2a2 2 0 0 1-2 2H8Zm2-12a2 2 0 0 1 2 2v2h-1.5V2a.5.5 0 0 0-.5-.5H8V0h2Z\" \/>\n\t\t\t<\/svg>\n\t\t<\/button><\/figure>\n\n\n\n<p class=\"has-background\" style=\"background-color:#c2eef4\">\u00ab\u00a0Kayak de mer&#8230;au fil de l&rsquo;estuaire\u00a0\u00bb est une jeune entreprise enregistr\u00e9e au Registre National des Entreprises. Le num\u00e9ro de siret: 898 909 551 00019. <a href=\"https:\/\/www.facebook.com\/profile.php?id=61580003081291\">Facebook <\/a>: kayak en baie de Morlaix<\/p>\n\n\n<div class=\"wp-block-image is-style-rounded\">\n<figure class=\"aligncenter size-large is-resized\"><img loading=\"lazy\" decoding=\"async\" width=\"1024\" height=\"802\" src=\"https:\/\/kayakbaie-morlaix.ddns.net\/wp-content\/uploads\/2026\/02\/IMGP5615-1024x802.jpg\" alt=\"Surf en kayak de mer en baie de Morlaix\" class=\"wp-image-1051\" style=\"aspect-ratio:1.276836494655034;width:140px;height:auto\" srcset=\"https:\/\/kayakbaie-morlaix.ddns.net\/wp-content\/uploads\/2026\/02\/IMGP5615-1024x802.jpg 1024w, https:\/\/kayakbaie-morlaix.ddns.net\/wp-content\/uploads\/2026\/02\/IMGP5615-300x235.jpg 300w, https:\/\/kayakbaie-morlaix.ddns.net\/wp-content\/uploads\/2026\/02\/IMGP5615-768x601.jpg 768w, https:\/\/kayakbaie-morlaix.ddns.net\/wp-content\/uploads\/2026\/02\/IMGP5615-1536x1203.jpg 1536w, https:\/\/kayakbaie-morlaix.ddns.net\/wp-content\/uploads\/2026\/02\/IMGP5615-2048x1604.jpg 2048w\" sizes=\"auto, (max-width: 1024px) 100vw, 1024px\" \/><\/figure>\n<\/div>\n\n\n<hr class=\"wp-block-separator has-text-color has-alpha-channel-opacity has-background is-style-wide\" style=\"background-color:#1e2085;color:#1e2085\"\/>\n\n\n<div class=\"wp-block-image\">\n<figure class=\"aligncenter size-full is-resized\"><a href=\"https:\/\/umap.openstreetmap.fr\/fr\/map\/la-baie-de-morlaix-2_1342110\" target=\"_blank\" rel=\" noreferrer noopener\"><img loading=\"lazy\" decoding=\"async\" width=\"180\" height=\"148\" src=\"https:\/\/kayakbaie-morlaix.ddns.net\/wp-content\/uploads\/2026\/03\/baie-de-morlaix.jpg\" alt=\"Carte de la Baie de Morlaix\" class=\"wp-image-1336\" style=\"aspect-ratio:1.216216234129331;width:252px;height:auto\"\/><\/a><figcaption class=\"wp-element-caption\"><a href=\"https:\/\/umap.openstreetmap.fr\/fr\/map\/la-baie-de-morlaix-2_1342110\" target=\"_blank\" rel=\"noreferrer noopener\"><em>Carte de la Baie de Morlaix<\/em><\/a><\/figcaption><\/figure>\n<\/div>\n\n\n<p class=\"has-text-align-center\"><\/p>\n\n\n\n<p><\/p>\n\n\n\n<p><\/p>\n\n\n\n<p><\/p>\n","protected":false},"excerpt":{"rendered":"<p>Sorties kayak de mer en baie de Morlaix, balades sur l&rsquo;estran : Fort de 35 ans de pratique du kayak (en loisir, en comp\u00e9tition et dans un cadre professionnel) je suis titulaire d&rsquo;un brevet d\u2019\u00c9tat kayak , sp\u00e9cialit\u00e9 mer, et &hellip; <a href=\"https:\/\/kayakbaie-morlaix.ddns.net\/index.php\/a-propos-de\/\">Continuer la lecture <span class=\"meta-nav\">&rarr;<\/span><\/a><\/p>\n","protected":false},"author":1,"featured_media":0,"parent":0,"menu_order":0,"comment_status":"closed","ping_status":"closed","template":"","meta":{"footnotes":""},"class_list":["post-6","page","type-page","status-publish","hentry"],"yoast_head":"<!-- This site is optimized with the Yoast SEO plugin v27.3 - https:\/\/yoast.com\/product\/yoast-seo-wordpress\/ -->\n<title>sorties kayak de mer baie de Morlaix. Balades sur l&#039;estran &#8211;<\/title>\n<meta name=\"description\" content=\"sorties kayak de mer baie de Morlaix. Balades sur l&#039;estrankayak de mer ... au fil de l&#039;estuaire \u00c0 propos de...\" \/>\n<meta name=\"robots\" content=\"index, follow, max-snippet:-1, max-image-preview:large, max-video-preview:-1\" \/>\n<link rel=\"canonical\" href=\"https:\/\/kayakbaie-morlaix.ddns.net\/index.php\/a-propos-de\/\" \/>\n<meta property=\"og:locale\" content=\"fr_FR\" \/>\n<meta property=\"og:type\" content=\"article\" \/>\n<meta property=\"og:title\" content=\"sorties kayak de mer baie de Morlaix. Balades sur l&#039;estran &#8211;\" \/>\n<meta property=\"og:description\" content=\"sorties kayak de mer baie de Morlaix. Balades sur l&#039;estrankayak de mer ... au fil de l&#039;estuaire \u00c0 propos de...\" \/>\n<meta property=\"og:url\" content=\"https:\/\/kayakbaie-morlaix.ddns.net\/index.php\/a-propos-de\/\" \/>\n<meta property=\"og:site_name\" content=\"kayak de mer ... au fil de l&#039;estuaire\" \/>\n<meta property=\"article:modified_time\" content=\"2026-03-31T13:01:16+00:00\" \/>\n<meta property=\"og:image\" content=\"https:\/\/kayakbaie-morlaix.ddns.net\/wp-content\/uploads\/2026\/01\/IMG_20230823_112349-scaled.jpg\" \/>\n\t<meta property=\"og:image:width\" content=\"2560\" \/>\n\t<meta property=\"og:image:height\" content=\"2019\" \/>\n\t<meta property=\"og:image:type\" content=\"image\/jpeg\" \/>\n<meta name=\"twitter:card\" content=\"summary_large_image\" \/>\n<meta name=\"twitter:site\" content=\"@nicokayak29\" \/>\n<meta name=\"twitter:label1\" content=\"Dur\u00e9e de lecture estim\u00e9e\" \/>\n\t<meta name=\"twitter:data1\" content=\"2 minutes\" \/>\n<script type=\"application\/ld+json\" class=\"yoast-schema-graph\">{\"@context\":\"https:\\\/\\\/schema.org\",\"@graph\":[{\"@type\":[\"WebPage\",\"AboutPage\"],\"@id\":\"https:\\\/\\\/kayakbaie-morlaix.ddns.net\\\/index.php\\\/a-propos-de\\\/\",\"url\":\"https:\\\/\\\/kayakbaie-morlaix.ddns.net\\\/index.php\\\/a-propos-de\\\/\",\"name\":\"sorties kayak de mer baie de Morlaix. Balades sur l'estran &#8211;\",\"isPartOf\":{\"@id\":\"https:\\\/\\\/kayakbaie-morlaix.ddns.net\\\/#website\"},\"primaryImageOfPage\":{\"@id\":\"https:\\\/\\\/kayakbaie-morlaix.ddns.net\\\/index.php\\\/a-propos-de\\\/#primaryimage\"},\"image\":{\"@id\":\"https:\\\/\\\/kayakbaie-morlaix.ddns.net\\\/index.php\\\/a-propos-de\\\/#primaryimage\"},\"thumbnailUrl\":\"https:\\\/\\\/kayakbaie-morlaix.ddns.net\\\/wp-content\\\/uploads\\\/2026\\\/01\\\/IMG_20230823_112349-1024x807.jpg\",\"datePublished\":\"2021-06-22T20:11:47+00:00\",\"dateModified\":\"2026-03-31T13:01:16+00:00\",\"description\":\"sorties kayak de mer baie de Morlaix. Balades sur l'estrankayak de mer ... au fil de l&#039;estuaire \u00c0 propos de...\",\"breadcrumb\":{\"@id\":\"https:\\\/\\\/kayakbaie-morlaix.ddns.net\\\/index.php\\\/a-propos-de\\\/#breadcrumb\"},\"inLanguage\":\"fr-FR\",\"potentialAction\":[{\"@type\":\"ReadAction\",\"target\":[\"https:\\\/\\\/kayakbaie-morlaix.ddns.net\\\/index.php\\\/a-propos-de\\\/\"]}]},{\"@type\":\"ImageObject\",\"inLanguage\":\"fr-FR\",\"@id\":\"https:\\\/\\\/kayakbaie-morlaix.ddns.net\\\/index.php\\\/a-propos-de\\\/#primaryimage\",\"url\":\"https:\\\/\\\/kayakbaie-morlaix.ddns.net\\\/wp-content\\\/uploads\\\/2026\\\/01\\\/IMG_20230823_112349-scaled.jpg\",\"contentUrl\":\"https:\\\/\\\/kayakbaie-morlaix.ddns.net\\\/wp-content\\\/uploads\\\/2026\\\/01\\\/IMG_20230823_112349-scaled.jpg\",\"width\":2560,\"height\":2019},{\"@type\":\"BreadcrumbList\",\"@id\":\"https:\\\/\\\/kayakbaie-morlaix.ddns.net\\\/index.php\\\/a-propos-de\\\/#breadcrumb\",\"itemListElement\":[{\"@type\":\"ListItem\",\"position\":1,\"name\":\"Accueil\",\"item\":\"https:\\\/\\\/kayakbaie-morlaix.ddns.net\\\/\"},{\"@type\":\"ListItem\",\"position\":2,\"name\":\"\u00c0 propos de&#8230;\"}]},{\"@type\":\"WebSite\",\"@id\":\"https:\\\/\\\/kayakbaie-morlaix.ddns.net\\\/#website\",\"url\":\"https:\\\/\\\/kayakbaie-morlaix.ddns.net\\\/\",\"name\":\"kayak de mer ... au fil de l'estuaire\",\"description\":\"Un site pour la d\u00e9couverte et le perfectionnement en kayak de mer\",\"publisher\":{\"@id\":\"https:\\\/\\\/kayakbaie-morlaix.ddns.net\\\/#\\\/schema\\\/person\\\/a524def8f2967b4e8b2e9e5fec614d7e\"},\"potentialAction\":[{\"@type\":\"SearchAction\",\"target\":{\"@type\":\"EntryPoint\",\"urlTemplate\":\"https:\\\/\\\/kayakbaie-morlaix.ddns.net\\\/?s={search_term_string}\"},\"query-input\":{\"@type\":\"PropertyValueSpecification\",\"valueRequired\":true,\"valueName\":\"search_term_string\"}}],\"inLanguage\":\"fr-FR\"},{\"@type\":[\"Person\",\"Organization\"],\"@id\":\"https:\\\/\\\/kayakbaie-morlaix.ddns.net\\\/#\\\/schema\\\/person\\\/a524def8f2967b4e8b2e9e5fec614d7e\",\"name\":\"nicokayak\",\"image\":{\"@type\":\"ImageObject\",\"inLanguage\":\"fr-FR\",\"@id\":\"https:\\\/\\\/kayakbaie-morlaix.ddns.net\\\/wp-content\\\/uploads\\\/2021\\\/06\\\/derniere_version__miplein_format_carte_visite2.jpg\",\"url\":\"https:\\\/\\\/kayakbaie-morlaix.ddns.net\\\/wp-content\\\/uploads\\\/2021\\\/06\\\/derniere_version__miplein_format_carte_visite2.jpg\",\"contentUrl\":\"https:\\\/\\\/kayakbaie-morlaix.ddns.net\\\/wp-content\\\/uploads\\\/2021\\\/06\\\/derniere_version__miplein_format_carte_visite2.jpg\",\"width\":988,\"height\":809,\"caption\":\"nicokayak\"},\"logo\":{\"@id\":\"https:\\\/\\\/kayakbaie-morlaix.ddns.net\\\/wp-content\\\/uploads\\\/2021\\\/06\\\/derniere_version__miplein_format_carte_visite2.jpg\"},\"sameAs\":[\"http:\\\/\\\/photosbj.ddns.net\\\/wordpress\",\"https:\\\/\\\/x.com\\\/nicokayak29\"]}]}<\/script>\n<!-- \/ Yoast SEO plugin. -->","yoast_head_json":{"title":"sorties kayak de mer baie de Morlaix. Balades sur l'estran &#8211;","description":"sorties kayak de mer baie de Morlaix. Balades sur l'estrankayak de mer ... au fil de l&#039;estuaire \u00c0 propos de...","robots":{"index":"index","follow":"follow","max-snippet":"max-snippet:-1","max-image-preview":"max-image-preview:large","max-video-preview":"max-video-preview:-1"},"canonical":"https:\/\/kayakbaie-morlaix.ddns.net\/index.php\/a-propos-de\/","og_locale":"fr_FR","og_type":"article","og_title":"sorties kayak de mer baie de Morlaix. Balades sur l'estran &#8211;","og_description":"sorties kayak de mer baie de Morlaix. Balades sur l'estrankayak de mer ... au fil de l&#039;estuaire \u00c0 propos de...","og_url":"https:\/\/kayakbaie-morlaix.ddns.net\/index.php\/a-propos-de\/","og_site_name":"kayak de mer ... au fil de l&#039;estuaire","article_modified_time":"2026-03-31T13:01:16+00:00","og_image":[{"width":2560,"height":2019,"url":"https:\/\/kayakbaie-morlaix.ddns.net\/wp-content\/uploads\/2026\/01\/IMG_20230823_112349-scaled.jpg","type":"image\/jpeg"}],"twitter_card":"summary_large_image","twitter_site":"@nicokayak29","twitter_misc":{"Dur\u00e9e de lecture estim\u00e9e":"2 minutes"},"schema":{"@context":"https:\/\/schema.org","@graph":[{"@type":["WebPage","AboutPage"],"@id":"https:\/\/kayakbaie-morlaix.ddns.net\/index.php\/a-propos-de\/","url":"https:\/\/kayakbaie-morlaix.ddns.net\/index.php\/a-propos-de\/","name":"sorties kayak de mer baie de Morlaix. Balades sur l'estran &#8211;","isPartOf":{"@id":"https:\/\/kayakbaie-morlaix.ddns.net\/#website"},"primaryImageOfPage":{"@id":"https:\/\/kayakbaie-morlaix.ddns.net\/index.php\/a-propos-de\/#primaryimage"},"image":{"@id":"https:\/\/kayakbaie-morlaix.ddns.net\/index.php\/a-propos-de\/#primaryimage"},"thumbnailUrl":"https:\/\/kayakbaie-morlaix.ddns.net\/wp-content\/uploads\/2026\/01\/IMG_20230823_112349-1024x807.jpg","datePublished":"2021-06-22T20:11:47+00:00","dateModified":"2026-03-31T13:01:16+00:00","description":"sorties kayak de mer baie de Morlaix. Balades sur l'estrankayak de mer ... au fil de l&#039;estuaire \u00c0 propos de...","breadcrumb":{"@id":"https:\/\/kayakbaie-morlaix.ddns.net\/index.php\/a-propos-de\/#breadcrumb"},"inLanguage":"fr-FR","potentialAction":[{"@type":"ReadAction","target":["https:\/\/kayakbaie-morlaix.ddns.net\/index.php\/a-propos-de\/"]}]},{"@type":"ImageObject","inLanguage":"fr-FR","@id":"https:\/\/kayakbaie-morlaix.ddns.net\/index.php\/a-propos-de\/#primaryimage","url":"https:\/\/kayakbaie-morlaix.ddns.net\/wp-content\/uploads\/2026\/01\/IMG_20230823_112349-scaled.jpg","contentUrl":"https:\/\/kayakbaie-morlaix.ddns.net\/wp-content\/uploads\/2026\/01\/IMG_20230823_112349-scaled.jpg","width":2560,"height":2019},{"@type":"BreadcrumbList","@id":"https:\/\/kayakbaie-morlaix.ddns.net\/index.php\/a-propos-de\/#breadcrumb","itemListElement":[{"@type":"ListItem","position":1,"name":"Accueil","item":"https:\/\/kayakbaie-morlaix.ddns.net\/"},{"@type":"ListItem","position":2,"name":"\u00c0 propos de&#8230;"}]},{"@type":"WebSite","@id":"https:\/\/kayakbaie-morlaix.ddns.net\/#website","url":"https:\/\/kayakbaie-morlaix.ddns.net\/","name":"kayak de mer ... au fil de l'estuaire","description":"Un site pour la d\u00e9couverte et le perfectionnement en kayak de mer","publisher":{"@id":"https:\/\/kayakbaie-morlaix.ddns.net\/#\/schema\/person\/a524def8f2967b4e8b2e9e5fec614d7e"},"potentialAction":[{"@type":"SearchAction","target":{"@type":"EntryPoint","urlTemplate":"https:\/\/kayakbaie-morlaix.ddns.net\/?s={search_term_string}"},"query-input":{"@type":"PropertyValueSpecification","valueRequired":true,"valueName":"search_term_string"}}],"inLanguage":"fr-FR"},{"@type":["Person","Organization"],"@id":"https:\/\/kayakbaie-morlaix.ddns.net\/#\/schema\/person\/a524def8f2967b4e8b2e9e5fec614d7e","name":"nicokayak","image":{"@type":"ImageObject","inLanguage":"fr-FR","@id":"https:\/\/kayakbaie-morlaix.ddns.net\/wp-content\/uploads\/2021\/06\/derniere_version__miplein_format_carte_visite2.jpg","url":"https:\/\/kayakbaie-morlaix.ddns.net\/wp-content\/uploads\/2021\/06\/derniere_version__miplein_format_carte_visite2.jpg","contentUrl":"https:\/\/kayakbaie-morlaix.ddns.net\/wp-content\/uploads\/2021\/06\/derniere_version__miplein_format_carte_visite2.jpg","width":988,"height":809,"caption":"nicokayak"},"logo":{"@id":"https:\/\/kayakbaie-morlaix.ddns.net\/wp-content\/uploads\/2021\/06\/derniere_version__miplein_format_carte_visite2.jpg"},"sameAs":["http:\/\/photosbj.ddns.net\/wordpress","https:\/\/x.com\/nicokayak29"]}]}},"_links":{"self":[{"href":"https:\/\/kayakbaie-morlaix.ddns.net\/index.php\/wp-json\/wp\/v2\/pages\/6","targetHints":{"allow":["GET"]}}],"collection":[{"href":"https:\/\/kayakbaie-morlaix.ddns.net\/index.php\/wp-json\/wp\/v2\/pages"}],"about":[{"href":"https:\/\/kayakbaie-morlaix.ddns.net\/index.php\/wp-json\/wp\/v2\/types\/page"}],"author":[{"embeddable":true,"href":"https:\/\/kayakbaie-morlaix.ddns.net\/index.php\/wp-json\/wp\/v2\/users\/1"}],"replies":[{"embeddable":true,"href":"https:\/\/kayakbaie-morlaix.ddns.net\/index.php\/wp-json\/wp\/v2\/comments?post=6"}],"version-history":[{"count":57,"href":"https:\/\/kayakbaie-morlaix.ddns.net\/index.php\/wp-json\/wp\/v2\/pages\/6\/revisions"}],"predecessor-version":[{"id":1397,"href":"https:\/\/kayakbaie-morlaix.ddns.net\/index.php\/wp-json\/wp\/v2\/pages\/6\/revisions\/1397"}],"wp:attachment":[{"href":"https:\/\/kayakbaie-morlaix.ddns.net\/index.php\/wp-json\/wp\/v2\/media?parent=6"}],"curies":[{"name":"wp","href":"https:\/\/api.w.org\/{rel}","templated":true}]}}