{"id":781,"date":"2026-01-23T17:24:51","date_gmt":"2026-01-23T16:24:51","guid":{"rendered":"http:\/\/photosbj.ddns.net\/wordpress\/?page_id=781"},"modified":"2026-04-13T23:30:51","modified_gmt":"2026-04-13T21:30:51","slug":"infos-des-sorties-pedestres","status":"publish","type":"page","link":"https:\/\/kayakbaie-morlaix.ddns.net\/index.php\/infos-des-sorties-pedestres\/","title":{"rendered":"Infos  sorties p\u00e9destres sur l&rsquo;estran"},"content":{"rendered":"\n<ul class=\"wp-block-social-links aligncenter has-normal-icon-size is-content-justification-center is-layout-flex wp-container-core-social-links-is-layout-16018d1d wp-block-social-links-is-layout-flex\"><li class=\"wp-social-link wp-social-link-facebook  wp-block-social-link\"><a rel=\"noopener nofollow\" target=\"_blank\" href=\"https:\/\/www.facebook.com\/profile.php?id=61580003081291\" class=\"wp-block-social-link-anchor\"><svg width=\"24\" height=\"24\" viewBox=\"0 0 24 24\" version=\"1.1\" xmlns=\"http:\/\/www.w3.org\/2000\/svg\" aria-hidden=\"true\" focusable=\"false\"><path d=\"M12 2C6.5 2 2 6.5 2 12c0 5 3.7 9.1 8.4 9.9v-7H7.9V12h2.5V9.8c0-2.5 1.5-3.9 3.8-3.9 1.1 0 2.2.2 2.2.2v2.5h-1.3c-1.2 0-1.6.8-1.6 1.6V12h2.8l-.4 2.9h-2.3v7C18.3 21.1 22 17 22 12c0-5.5-4.5-10-10-10z\"><\/path><\/svg><span class=\"wp-block-social-link-label screen-reader-text\">Facebook<\/span><\/a><\/li>\n\n<li class=\"wp-social-link wp-social-link-instagram  wp-block-social-link\"><a rel=\"noopener nofollow\" target=\"_blank\" href=\"https:\/\/www.instagram.com\/nicokayak29\/\" class=\"wp-block-social-link-anchor\"><svg width=\"24\" height=\"24\" viewBox=\"0 0 24 24\" version=\"1.1\" xmlns=\"http:\/\/www.w3.org\/2000\/svg\" aria-hidden=\"true\" focusable=\"false\"><path d=\"M12,4.622c2.403,0,2.688,0.009,3.637,0.052c0.877,0.04,1.354,0.187,1.671,0.31c0.42,0.163,0.72,0.358,1.035,0.673 c0.315,0.315,0.51,0.615,0.673,1.035c0.123,0.317,0.27,0.794,0.31,1.671c0.043,0.949,0.052,1.234,0.052,3.637 s-0.009,2.688-0.052,3.637c-0.04,0.877-0.187,1.354-0.31,1.671c-0.163,0.42-0.358,0.72-0.673,1.035 c-0.315,0.315-0.615,0.51-1.035,0.673c-0.317,0.123-0.794,0.27-1.671,0.31c-0.949,0.043-1.233,0.052-3.637,0.052 s-2.688-0.009-3.637-0.052c-0.877-0.04-1.354-0.187-1.671-0.31c-0.42-0.163-0.72-0.358-1.035-0.673 c-0.315-0.315-0.51-0.615-0.673-1.035c-0.123-0.317-0.27-0.794-0.31-1.671C4.631,14.688,4.622,14.403,4.622,12 s0.009-2.688,0.052-3.637c0.04-0.877,0.187-1.354,0.31-1.671c0.163-0.42,0.358-0.72,0.673-1.035 c0.315-0.315,0.615-0.51,1.035-0.673c0.317-0.123,0.794-0.27,1.671-0.31C9.312,4.631,9.597,4.622,12,4.622 M12,3 C9.556,3,9.249,3.01,8.289,3.054C7.331,3.098,6.677,3.25,6.105,3.472C5.513,3.702,5.011,4.01,4.511,4.511 c-0.5,0.5-0.808,1.002-1.038,1.594C3.25,6.677,3.098,7.331,3.054,8.289C3.01,9.249,3,9.556,3,12c0,2.444,0.01,2.751,0.054,3.711 c0.044,0.958,0.196,1.612,0.418,2.185c0.23,0.592,0.538,1.094,1.038,1.594c0.5,0.5,1.002,0.808,1.594,1.038 c0.572,0.222,1.227,0.375,2.185,0.418C9.249,20.99,9.556,21,12,21s2.751-0.01,3.711-0.054c0.958-0.044,1.612-0.196,2.185-0.418 c0.592-0.23,1.094-0.538,1.594-1.038c0.5-0.5,0.808-1.002,1.038-1.594c0.222-0.572,0.375-1.227,0.418-2.185 C20.99,14.751,21,14.444,21,12s-0.01-2.751-0.054-3.711c-0.044-0.958-0.196-1.612-0.418-2.185c-0.23-0.592-0.538-1.094-1.038-1.594 c-0.5-0.5-1.002-0.808-1.594-1.038c-0.572-0.222-1.227-0.375-2.185-0.418C14.751,3.01,14.444,3,12,3L12,3z M12,7.378 c-2.552,0-4.622,2.069-4.622,4.622S9.448,16.622,12,16.622s4.622-2.069,4.622-4.622S14.552,7.378,12,7.378z M12,15 c-1.657,0-3-1.343-3-3s1.343-3,3-3s3,1.343,3,3S13.657,15,12,15z M16.804,6.116c-0.596,0-1.08,0.484-1.08,1.08 s0.484,1.08,1.08,1.08c0.596,0,1.08-0.484,1.08-1.08S17.401,6.116,16.804,6.116z\"><\/path><\/svg><span class=\"wp-block-social-link-label screen-reader-text\">Instagram<\/span><\/a><\/li><\/ul>\n\n\n\n<p class=\"has-background\" id=\"estran\" style=\"background-color:#c7f4df;font-size:15px\"><strong>La d\u00e9couverte des \u00ab\u00a0b\u00eates de l&rsquo;estran\u00a0\u00bb :<\/strong> Une sortie <em>sp\u00e9cial jeune public<\/em> : une balade d\u2019environ 1 heure pour explorer les rochers et les flaques d\u2019eau, \u00e0 la rencontre des animaux marins qui s\u2019y cachent. Un moment magique pour : apprendre en s\u2019amusant, partager des connaissances, s\u2019\u00e9merveiller devant la nature. <em>Pratique \u00e9quipement<\/em> : Pr\u00e9voyez des chaussures d\u2019eau ou des bottes pour profiter pleinement de l\u2019aventure. <a href=\"https:\/\/kayakbaie-morlaix.ddns.net\/index.php\/randos-sur-lestran\/#estran\">Tarif&#8230;<\/a><\/p>\n\n\n<div class=\"wp-block-image is-style-rounded\">\n<figure class=\"aligncenter size-large is-resized\"><img loading=\"lazy\" decoding=\"async\" width=\"1024\" height=\"773\" src=\"https:\/\/kayakbaie-morlaix.ddns.net\/wp-content\/uploads\/2026\/01\/IMG_20250417_162447-1024x773.jpg\" alt=\"Une belle r\u00e9colte au cours d'une sortie sur l'estran !!!\" class=\"wp-image-808\" style=\"aspect-ratio:1.3247242732243814;width:293px;height:auto\" srcset=\"https:\/\/kayakbaie-morlaix.ddns.net\/wp-content\/uploads\/2026\/01\/IMG_20250417_162447-1024x773.jpg 1024w, https:\/\/kayakbaie-morlaix.ddns.net\/wp-content\/uploads\/2026\/01\/IMG_20250417_162447-300x227.jpg 300w, https:\/\/kayakbaie-morlaix.ddns.net\/wp-content\/uploads\/2026\/01\/IMG_20250417_162447-768x580.jpg 768w, https:\/\/kayakbaie-morlaix.ddns.net\/wp-content\/uploads\/2026\/01\/IMG_20250417_162447-1536x1160.jpg 1536w, https:\/\/kayakbaie-morlaix.ddns.net\/wp-content\/uploads\/2026\/01\/IMG_20250417_162447-2048x1546.jpg 2048w\" sizes=\"auto, (max-width: 1024px) 100vw, 1024px\" \/><\/figure>\n<\/div>\n\n\n<p class=\"has-text-align-center\"><\/p>\n\n\n\n<div class=\"wp-block-group is-nowrap is-layout-flex wp-container-core-group-is-layout-ad2f72ca wp-block-group-is-layout-flex\">\n<p class=\"has-background\" id=\"galet\" style=\"background-color:#b3eef4;font-size:15px\"><strong>La d\u00e9couverte du \u00ab\u00a0grand galet de Primel\u00a0\u00bb : <\/strong>Une aventure entre terre et mer ; une escapade sauvage et pr\u00e9serv\u00e9e : embarquez pour une randonn\u00e9e d\u2019environ 1 heure au d\u00e9part de la Pointe de Primel, en direction du mythique Grand Galet.<br>Un parcours unique, loin des sentiers battus, o\u00f9 la nature se r\u00e9v\u00e8le dans toute sa splendeur. <em>Itin\u00e9raire et points forts :<\/em><br>Depuis la Pointe de Primel, par le sentier de Grande Randonn\u00e9e GR.34<br>Parcours : Le rendez vous est sur le <a href=\"https:\/\/umap.openstreetmap.fr\/fr\/map\/la-baie-de-morlaix-2_1342110#17\/48.71415\/-3.81557\" target=\"_blank\" rel=\"noreferrer noopener\">parking de la pointe de Primel<\/a> en face du camping municipal puis nous longerons la c\u00f4te jusqu\u2019au menhir des Marsouins, et descendrons sur l\u2019estran pour atteindre le Grand Galet.<br>Paysage : Un cadre exceptionnel et peu fr\u00e9quent\u00e9, o\u00f9 la mer et les rochers sculptent un d\u00e9cor fascinant. <br><\/p>\n\n\n\n<p class=\"has-background\" id=\"galet\" style=\"background-color:#b3eef4;font-size:15px\"><strong>Niveau<\/strong> : Randonn\u00e9e courte mais technique (terrain accident\u00e9 par les galets).<br><strong>Public<\/strong> : \u00c0 partir de 10 ans (accompagn\u00e9 d\u2019un adulte).<br><strong>Encadrement<\/strong> : Guide indispensable pour une exploration en toute s\u00e9curit\u00e9. <a href=\"https:\/\/kayakbaie-morlaix.ddns.net\/index.php\/randos-sur-lestran\/#galet\">Tarif&#8230;<\/a><\/p>\n\n\n\n<p><\/p>\n<\/div>\n\n\n\n<div class=\"wp-block-group is-vertical is-content-justification-center is-layout-flex wp-container-core-group-is-layout-73a99bce wp-block-group-is-layout-flex\">\n<div class=\"wp-block-columns is-layout-flex wp-container-core-columns-is-layout-9d6595d7 wp-block-columns-is-layout-flex\">\n<div class=\"wp-block-column is-layout-flow wp-block-column-is-layout-flow\" style=\"flex-basis:36.67%\"><\/div>\n\n\n\n<div class=\"wp-block-column is-vertically-aligned-top is-layout-flow wp-block-column-is-layout-flow\" style=\"flex-basis:30%\"><div class=\"wp-block-image is-style-rounded\">\n<figure class=\"aligncenter\"><img loading=\"lazy\" decoding=\"async\" width=\"1823\" height=\"2560\" src=\"https:\/\/kayakbaie-morlaix.ddns.net\/wp-content\/uploads\/2026\/01\/grand-galet-de-primel-1-2-scaled.jpg\" alt=\"le &quot;Grand galet&quot;\" class=\"wp-image-675\" srcset=\"https:\/\/kayakbaie-morlaix.ddns.net\/wp-content\/uploads\/2026\/01\/grand-galet-de-primel-1-2-scaled.jpg 1823w, https:\/\/kayakbaie-morlaix.ddns.net\/wp-content\/uploads\/2026\/01\/grand-galet-de-primel-1-2-214x300.jpg 214w, https:\/\/kayakbaie-morlaix.ddns.net\/wp-content\/uploads\/2026\/01\/grand-galet-de-primel-1-2-729x1024.jpg 729w, https:\/\/kayakbaie-morlaix.ddns.net\/wp-content\/uploads\/2026\/01\/grand-galet-de-primel-1-2-768x1079.jpg 768w, https:\/\/kayakbaie-morlaix.ddns.net\/wp-content\/uploads\/2026\/01\/grand-galet-de-primel-1-2-1094x1536.jpg 1094w, https:\/\/kayakbaie-morlaix.ddns.net\/wp-content\/uploads\/2026\/01\/grand-galet-de-primel-1-2-1458x2048.jpg 1458w\" sizes=\"auto, (max-width: 1823px) 100vw, 1823px\" \/><\/figure>\n<\/div>\n\n\n<p class=\"has-large-font-size\"><\/p>\n<\/div>\n\n\n\n<div class=\"wp-block-column is-layout-flow wp-block-column-is-layout-flow\" style=\"flex-basis:33.33%\"><\/div>\n<\/div>\n<\/div>\n\n\n\n<p class=\"has-background\" id=\"traverse_diben\" style=\"background:linear-gradient(135deg,rgb(73,230,167) 0%,rgb(0,208,130) 34%);font-size:15px\"><strong>La travers\u00e9e p\u00e9destre de \u00ab\u00a0l&rsquo;Anse du Diben\u00a0\u00bb<\/strong> : D\u00e9couvrez cette randonn\u00e9e exceptionnelle, r\u00e9alisable uniquement \u00e0 coefficients sup\u00e9rieurs \u00e0 100. Nous d\u00e9buterons notre exploration depuis la <a href=\"https:\/\/umap.openstreetmap.fr\/fr\/map\/la-baie-de-morlaix-2_1342110#17\/48.71262\/-3.81626\" target=\"_blank\" rel=\"noreferrer noopener\">place des Fr\u00e8res Poupon (\u00e0 Primel Tr\u00e9gastel)<\/a>, en direction du Diben et de son petit port pittoresque. Au fil du parcours, laissez-vous \u00e9merveiller par un paysage unique, fa\u00e7onn\u00e9 par la mer qui se retire : observez le balisage, les animaux de l&rsquo;estran, les infrastructures portuaires et admirez le monument embl\u00e9matique perch\u00e9 sur son ilot. Une exp\u00e9rience alliant nature, histoire et d\u00e9couverte, \u00e0 vivre en famille ou entre passionn\u00e9s. Sortie \u00e0 partir de 5\/6 ans. Pr\u00e9voyez environ 1h30 de promenade. Les bottes sont vivement conseill\u00e9es et \u00e0 d\u00e9faut des chaussures d&rsquo;eau \u00e9paisses. <a href=\"https:\/\/kayakbaie-morlaix.ddns.net\/index.php\/randos-sur-lestran\/#tarif_diben\">Tarif&#8230;<\/a><\/p>\n\n\n<div class=\"wp-block-image is-style-rounded\">\n<figure class=\"aligncenter size-large is-resized\"><img decoding=\"async\" src=\"https:\/\/kayakbaie-morlaix.ddns.net\/wp-content\/uploads\/2026\/01\/IMG_20250417_162432-1024x322.jpg\" alt=\"Sortie p\u00e9destre sur l'estran \u00e0 mar\u00e9e basse\" class=\"wp-image-809\" style=\"aspect-ratio:3.1803011199287994;width:534px;height:auto\"\/><\/figure>\n<\/div>","protected":false},"excerpt":{"rendered":"<p>La d\u00e9couverte des \u00ab\u00a0b\u00eates de l&rsquo;estran\u00a0\u00bb : Une sortie sp\u00e9cial jeune public : une balade d\u2019environ 1 heure pour explorer les rochers et les flaques d\u2019eau, \u00e0 la rencontre des animaux marins qui s\u2019y cachent. Un moment magique pour : &hellip; <a href=\"https:\/\/kayakbaie-morlaix.ddns.net\/index.php\/infos-des-sorties-pedestres\/\">Continuer la lecture <span class=\"meta-nav\">&rarr;<\/span><\/a><\/p>\n","protected":false},"author":1,"featured_media":0,"parent":0,"menu_order":0,"comment_status":"closed","ping_status":"closed","template":"","meta":{"footnotes":""},"class_list":["post-781","page","type-page","status-publish","hentry"],"yoast_head":"<!-- This site is optimized with the Yoast SEO plugin v27.3 - https:\/\/yoast.com\/product\/yoast-seo-wordpress\/ -->\n<title>Infos sorties p\u00e9destres sur l&#039;estran &#8211; sorties p\u00e9destres sur l&#039;estran<\/title>\n<meta name=\"description\" content=\"kayak de mer ... au fil de l&#039;estuaire Infos sorties p\u00e9destres sur l&#039;estran % %sorties p\u00e9destres sur l&#039;estran\" \/>\n<meta name=\"robots\" content=\"index, follow, max-snippet:-1, max-image-preview:large, max-video-preview:-1\" \/>\n<link rel=\"canonical\" href=\"https:\/\/kayakbaie-morlaix.ddns.net\/index.php\/infos-des-sorties-pedestres\/\" \/>\n<meta property=\"og:locale\" content=\"fr_FR\" \/>\n<meta property=\"og:type\" content=\"article\" \/>\n<meta property=\"og:title\" content=\"Infos sorties p\u00e9destres sur l&#039;estran &#8211; sorties p\u00e9destres sur l&#039;estran\" \/>\n<meta property=\"og:description\" content=\"kayak de mer ... au fil de l&#039;estuaire Infos sorties p\u00e9destres sur l&#039;estran % %sorties p\u00e9destres sur l&#039;estran\" \/>\n<meta property=\"og:url\" content=\"https:\/\/kayakbaie-morlaix.ddns.net\/index.php\/infos-des-sorties-pedestres\/\" \/>\n<meta property=\"og:site_name\" content=\"kayak de mer ... au fil de l&#039;estuaire\" \/>\n<meta property=\"article:modified_time\" content=\"2026-04-13T21:30:51+00:00\" \/>\n<meta property=\"og:image\" content=\"https:\/\/kayakbaie-morlaix.ddns.net\/wp-content\/uploads\/2026\/01\/IMG_20250417_162447.jpg\" \/>\n\t<meta property=\"og:image:width\" content=\"2323\" \/>\n\t<meta property=\"og:image:height\" content=\"1754\" \/>\n\t<meta property=\"og:image:type\" content=\"image\/jpeg\" \/>\n<meta name=\"twitter:card\" content=\"summary_large_image\" \/>\n<meta name=\"twitter:site\" content=\"@nicokayak29\" \/>\n<meta name=\"twitter:label1\" content=\"Dur\u00e9e de lecture estim\u00e9e\" \/>\n\t<meta name=\"twitter:data1\" content=\"3 minutes\" \/>\n<script type=\"application\/ld+json\" class=\"yoast-schema-graph\">{\"@context\":\"https:\\\/\\\/schema.org\",\"@graph\":[{\"@type\":\"WebPage\",\"@id\":\"https:\\\/\\\/kayakbaie-morlaix.ddns.net\\\/index.php\\\/infos-des-sorties-pedestres\\\/\",\"url\":\"https:\\\/\\\/kayakbaie-morlaix.ddns.net\\\/index.php\\\/infos-des-sorties-pedestres\\\/\",\"name\":\"Infos sorties p\u00e9destres sur l'estran &#8211; sorties p\u00e9destres sur l'estran\",\"isPartOf\":{\"@id\":\"https:\\\/\\\/kayakbaie-morlaix.ddns.net\\\/#website\"},\"primaryImageOfPage\":{\"@id\":\"https:\\\/\\\/kayakbaie-morlaix.ddns.net\\\/index.php\\\/infos-des-sorties-pedestres\\\/#primaryimage\"},\"image\":{\"@id\":\"https:\\\/\\\/kayakbaie-morlaix.ddns.net\\\/index.php\\\/infos-des-sorties-pedestres\\\/#primaryimage\"},\"thumbnailUrl\":\"https:\\\/\\\/kayakbaie-morlaix.ddns.net\\\/wp-content\\\/uploads\\\/2026\\\/01\\\/IMG_20250417_162447-1024x773.jpg\",\"datePublished\":\"2026-01-23T16:24:51+00:00\",\"dateModified\":\"2026-04-13T21:30:51+00:00\",\"description\":\"kayak de mer ... au fil de l&#039;estuaire Infos sorties p\u00e9destres sur l'estran % %sorties p\u00e9destres sur l'estran\",\"breadcrumb\":{\"@id\":\"https:\\\/\\\/kayakbaie-morlaix.ddns.net\\\/index.php\\\/infos-des-sorties-pedestres\\\/#breadcrumb\"},\"inLanguage\":\"fr-FR\",\"potentialAction\":[{\"@type\":\"ReadAction\",\"target\":[\"https:\\\/\\\/kayakbaie-morlaix.ddns.net\\\/index.php\\\/infos-des-sorties-pedestres\\\/\"]}]},{\"@type\":\"ImageObject\",\"inLanguage\":\"fr-FR\",\"@id\":\"https:\\\/\\\/kayakbaie-morlaix.ddns.net\\\/index.php\\\/infos-des-sorties-pedestres\\\/#primaryimage\",\"url\":\"https:\\\/\\\/kayakbaie-morlaix.ddns.net\\\/wp-content\\\/uploads\\\/2026\\\/01\\\/IMG_20250417_162447.jpg\",\"contentUrl\":\"https:\\\/\\\/kayakbaie-morlaix.ddns.net\\\/wp-content\\\/uploads\\\/2026\\\/01\\\/IMG_20250417_162447.jpg\",\"width\":2323,\"height\":1754,\"caption\":\"De belles d\u00e9couvertes sur l'estran de Primel\"},{\"@type\":\"BreadcrumbList\",\"@id\":\"https:\\\/\\\/kayakbaie-morlaix.ddns.net\\\/index.php\\\/infos-des-sorties-pedestres\\\/#breadcrumb\",\"itemListElement\":[{\"@type\":\"ListItem\",\"position\":1,\"name\":\"Accueil\",\"item\":\"https:\\\/\\\/kayakbaie-morlaix.ddns.net\\\/\"},{\"@type\":\"ListItem\",\"position\":2,\"name\":\"Infos sorties p\u00e9destres sur l&rsquo;estran\"}]},{\"@type\":\"WebSite\",\"@id\":\"https:\\\/\\\/kayakbaie-morlaix.ddns.net\\\/#website\",\"url\":\"https:\\\/\\\/kayakbaie-morlaix.ddns.net\\\/\",\"name\":\"kayak de mer ... au fil de l'estuaire\",\"description\":\"Un site pour la d\u00e9couverte et le perfectionnement en kayak de mer\",\"publisher\":{\"@id\":\"https:\\\/\\\/kayakbaie-morlaix.ddns.net\\\/#\\\/schema\\\/person\\\/a524def8f2967b4e8b2e9e5fec614d7e\"},\"potentialAction\":[{\"@type\":\"SearchAction\",\"target\":{\"@type\":\"EntryPoint\",\"urlTemplate\":\"https:\\\/\\\/kayakbaie-morlaix.ddns.net\\\/?s={search_term_string}\"},\"query-input\":{\"@type\":\"PropertyValueSpecification\",\"valueRequired\":true,\"valueName\":\"search_term_string\"}}],\"inLanguage\":\"fr-FR\"},{\"@type\":[\"Person\",\"Organization\"],\"@id\":\"https:\\\/\\\/kayakbaie-morlaix.ddns.net\\\/#\\\/schema\\\/person\\\/a524def8f2967b4e8b2e9e5fec614d7e\",\"name\":\"nicokayak\",\"image\":{\"@type\":\"ImageObject\",\"inLanguage\":\"fr-FR\",\"@id\":\"https:\\\/\\\/kayakbaie-morlaix.ddns.net\\\/wp-content\\\/uploads\\\/2021\\\/06\\\/derniere_version__miplein_format_carte_visite2.jpg\",\"url\":\"https:\\\/\\\/kayakbaie-morlaix.ddns.net\\\/wp-content\\\/uploads\\\/2021\\\/06\\\/derniere_version__miplein_format_carte_visite2.jpg\",\"contentUrl\":\"https:\\\/\\\/kayakbaie-morlaix.ddns.net\\\/wp-content\\\/uploads\\\/2021\\\/06\\\/derniere_version__miplein_format_carte_visite2.jpg\",\"width\":988,\"height\":809,\"caption\":\"nicokayak\"},\"logo\":{\"@id\":\"https:\\\/\\\/kayakbaie-morlaix.ddns.net\\\/wp-content\\\/uploads\\\/2021\\\/06\\\/derniere_version__miplein_format_carte_visite2.jpg\"},\"sameAs\":[\"http:\\\/\\\/photosbj.ddns.net\\\/wordpress\",\"https:\\\/\\\/x.com\\\/nicokayak29\"]}]}<\/script>\n<!-- \/ Yoast SEO plugin. -->","yoast_head_json":{"title":"Infos sorties p\u00e9destres sur l'estran &#8211; sorties p\u00e9destres sur l'estran","description":"kayak de mer ... au fil de l&#039;estuaire Infos sorties p\u00e9destres sur l'estran % %sorties p\u00e9destres sur l'estran","robots":{"index":"index","follow":"follow","max-snippet":"max-snippet:-1","max-image-preview":"max-image-preview:large","max-video-preview":"max-video-preview:-1"},"canonical":"https:\/\/kayakbaie-morlaix.ddns.net\/index.php\/infos-des-sorties-pedestres\/","og_locale":"fr_FR","og_type":"article","og_title":"Infos sorties p\u00e9destres sur l'estran &#8211; sorties p\u00e9destres sur l'estran","og_description":"kayak de mer ... au fil de l&#039;estuaire Infos sorties p\u00e9destres sur l'estran % %sorties p\u00e9destres sur l'estran","og_url":"https:\/\/kayakbaie-morlaix.ddns.net\/index.php\/infos-des-sorties-pedestres\/","og_site_name":"kayak de mer ... au fil de l&#039;estuaire","article_modified_time":"2026-04-13T21:30:51+00:00","og_image":[{"width":2323,"height":1754,"url":"https:\/\/kayakbaie-morlaix.ddns.net\/wp-content\/uploads\/2026\/01\/IMG_20250417_162447.jpg","type":"image\/jpeg"}],"twitter_card":"summary_large_image","twitter_site":"@nicokayak29","twitter_misc":{"Dur\u00e9e de lecture estim\u00e9e":"3 minutes"},"schema":{"@context":"https:\/\/schema.org","@graph":[{"@type":"WebPage","@id":"https:\/\/kayakbaie-morlaix.ddns.net\/index.php\/infos-des-sorties-pedestres\/","url":"https:\/\/kayakbaie-morlaix.ddns.net\/index.php\/infos-des-sorties-pedestres\/","name":"Infos sorties p\u00e9destres sur l'estran &#8211; sorties p\u00e9destres sur l'estran","isPartOf":{"@id":"https:\/\/kayakbaie-morlaix.ddns.net\/#website"},"primaryImageOfPage":{"@id":"https:\/\/kayakbaie-morlaix.ddns.net\/index.php\/infos-des-sorties-pedestres\/#primaryimage"},"image":{"@id":"https:\/\/kayakbaie-morlaix.ddns.net\/index.php\/infos-des-sorties-pedestres\/#primaryimage"},"thumbnailUrl":"https:\/\/kayakbaie-morlaix.ddns.net\/wp-content\/uploads\/2026\/01\/IMG_20250417_162447-1024x773.jpg","datePublished":"2026-01-23T16:24:51+00:00","dateModified":"2026-04-13T21:30:51+00:00","description":"kayak de mer ... au fil de l&#039;estuaire Infos sorties p\u00e9destres sur l'estran % %sorties p\u00e9destres sur l'estran","breadcrumb":{"@id":"https:\/\/kayakbaie-morlaix.ddns.net\/index.php\/infos-des-sorties-pedestres\/#breadcrumb"},"inLanguage":"fr-FR","potentialAction":[{"@type":"ReadAction","target":["https:\/\/kayakbaie-morlaix.ddns.net\/index.php\/infos-des-sorties-pedestres\/"]}]},{"@type":"ImageObject","inLanguage":"fr-FR","@id":"https:\/\/kayakbaie-morlaix.ddns.net\/index.php\/infos-des-sorties-pedestres\/#primaryimage","url":"https:\/\/kayakbaie-morlaix.ddns.net\/wp-content\/uploads\/2026\/01\/IMG_20250417_162447.jpg","contentUrl":"https:\/\/kayakbaie-morlaix.ddns.net\/wp-content\/uploads\/2026\/01\/IMG_20250417_162447.jpg","width":2323,"height":1754,"caption":"De belles d\u00e9couvertes sur l'estran de Primel"},{"@type":"BreadcrumbList","@id":"https:\/\/kayakbaie-morlaix.ddns.net\/index.php\/infos-des-sorties-pedestres\/#breadcrumb","itemListElement":[{"@type":"ListItem","position":1,"name":"Accueil","item":"https:\/\/kayakbaie-morlaix.ddns.net\/"},{"@type":"ListItem","position":2,"name":"Infos sorties p\u00e9destres sur l&rsquo;estran"}]},{"@type":"WebSite","@id":"https:\/\/kayakbaie-morlaix.ddns.net\/#website","url":"https:\/\/kayakbaie-morlaix.ddns.net\/","name":"kayak de mer ... au fil de l'estuaire","description":"Un site pour la d\u00e9couverte et le perfectionnement en kayak de mer","publisher":{"@id":"https:\/\/kayakbaie-morlaix.ddns.net\/#\/schema\/person\/a524def8f2967b4e8b2e9e5fec614d7e"},"potentialAction":[{"@type":"SearchAction","target":{"@type":"EntryPoint","urlTemplate":"https:\/\/kayakbaie-morlaix.ddns.net\/?s={search_term_string}"},"query-input":{"@type":"PropertyValueSpecification","valueRequired":true,"valueName":"search_term_string"}}],"inLanguage":"fr-FR"},{"@type":["Person","Organization"],"@id":"https:\/\/kayakbaie-morlaix.ddns.net\/#\/schema\/person\/a524def8f2967b4e8b2e9e5fec614d7e","name":"nicokayak","image":{"@type":"ImageObject","inLanguage":"fr-FR","@id":"https:\/\/kayakbaie-morlaix.ddns.net\/wp-content\/uploads\/2021\/06\/derniere_version__miplein_format_carte_visite2.jpg","url":"https:\/\/kayakbaie-morlaix.ddns.net\/wp-content\/uploads\/2021\/06\/derniere_version__miplein_format_carte_visite2.jpg","contentUrl":"https:\/\/kayakbaie-morlaix.ddns.net\/wp-content\/uploads\/2021\/06\/derniere_version__miplein_format_carte_visite2.jpg","width":988,"height":809,"caption":"nicokayak"},"logo":{"@id":"https:\/\/kayakbaie-morlaix.ddns.net\/wp-content\/uploads\/2021\/06\/derniere_version__miplein_format_carte_visite2.jpg"},"sameAs":["http:\/\/photosbj.ddns.net\/wordpress","https:\/\/x.com\/nicokayak29"]}]}},"_links":{"self":[{"href":"https:\/\/kayakbaie-morlaix.ddns.net\/index.php\/wp-json\/wp\/v2\/pages\/781","targetHints":{"allow":["GET"]}}],"collection":[{"href":"https:\/\/kayakbaie-morlaix.ddns.net\/index.php\/wp-json\/wp\/v2\/pages"}],"about":[{"href":"https:\/\/kayakbaie-morlaix.ddns.net\/index.php\/wp-json\/wp\/v2\/types\/page"}],"author":[{"embeddable":true,"href":"https:\/\/kayakbaie-morlaix.ddns.net\/index.php\/wp-json\/wp\/v2\/users\/1"}],"replies":[{"embeddable":true,"href":"https:\/\/kayakbaie-morlaix.ddns.net\/index.php\/wp-json\/wp\/v2\/comments?post=781"}],"version-history":[{"count":11,"href":"https:\/\/kayakbaie-morlaix.ddns.net\/index.php\/wp-json\/wp\/v2\/pages\/781\/revisions"}],"predecessor-version":[{"id":1375,"href":"https:\/\/kayakbaie-morlaix.ddns.net\/index.php\/wp-json\/wp\/v2\/pages\/781\/revisions\/1375"}],"wp:attachment":[{"href":"https:\/\/kayakbaie-morlaix.ddns.net\/index.php\/wp-json\/wp\/v2\/media?parent=781"}],"curies":[{"name":"wp","href":"https:\/\/api.w.org\/{rel}","templated":true}]}}